{"id":15,"date":"2015-01-08T17:05:36","date_gmt":"2015-01-08T17:05:36","guid":{"rendered":"http:\/\/localhost\/corretor\/?page_id=15"},"modified":"2025-12-18T20:22:31","modified_gmt":"2025-12-18T20:22:31","slug":"software","status":"publish","type":"page","link":"https:\/\/www.gestaodecorretoras.com.br\/?page_id=15","title":{"rendered":"Software"},"content":{"rendered":"<div class=\"gglcptch gglcptch_v3\"><input type=\"hidden\" id=\"g-recaptcha-response\" name=\"g-recaptcha-response\" \/><br \/><div class=\"gglcptch_error_text\">O per\u00edodo de verifica\u00e7\u00e3o do reCAPTCHA expirou. Por favor, recarregue a p\u00e1gina.<\/div><\/div>\n<hr>\n<p><strong>Tenha total controle sobre suas ap\u00f3lices de seguros&#8230;<\/strong><\/p>\n<p>Software focado para gest\u00e3o de ap\u00f3lices de seguros totalmente via web, com interface simples, funcionamento seguro e eficiente.<\/p>\n<p><strong>Como funciona?<\/strong><\/p>\n<p>O processo \u00e9 simples&#8230; Fa\u00e7a seu cadastro e escolha seu plano de assinatura. O sistema ficara liberado por 10 dias para testes e com a confirma\u00e7\u00e3o do pagamento seu aplicativo ficar\u00e1 ativo pelo per\u00edodo contratado.<\/p>\n<p>Se n\u00e3o for do seu interesse a continuidade na utiliza\u00e7\u00e3o do aplicativo n\u00e3o existe nenhuma multa ou car\u00eancia de uso.<\/p>\n<p><span style=\"color: #ff0000;\"><strong>N\u00e3o existe nenhuma restri\u00e7\u00e3o quanto a quantidade de dados, acessos&nbsp;ou usu\u00e1rios&#8230;<\/strong><\/span><\/p>\n<p><strong>Confira as informa\u00e7\u00f5es sobre os planos:<\/strong><\/p>\n<p>ASSINATURA VITAL\u00cdCIA:<br \/>\nPlano de assinatura vital\u00edcia no valor de R$ 1500.00 (Mil e Quinhentos Reais).<\/p>\n<p>ASSINATURA ANUAL:<br \/>\nPlano de assinatura por 12 meses no valor de R$ 360.00 (Trezentos e sessenta Reais).<\/p>\n<p>ASSINATURA SEMESTRAL:<br \/>\nPlano de assinatura por 6 meses no valor de R$ 240.00 (Duzentos e Quarenta Reais).<\/p>\n<p>ASSINATURA TRIMESTRAL:<br \/>\nPlano de assinatura por 3 meses no valor de R$ 160.00 (Cento e Sessenta Reais).<\/p>\n<p><a href=\"http:\/\/www.gestaodecorretoras.com.br\/wp-content\/uploads\/2015\/01\/tela_sistema.png\"><img loading=\"lazy\" decoding=\"async\" src=\"http:\/\/www.gestaodecorretoras.com.br\/wp-content\/uploads\/2015\/01\/tela_sistema.png\" alt=\"tela_sistema\" width=\"700\" height=\"370\" class=\"alignnone size-full wp-image-180\" srcset=\"https:\/\/www.gestaodecorretoras.com.br\/wp-content\/uploads\/2015\/01\/tela_sistema.png 700w, https:\/\/www.gestaodecorretoras.com.br\/wp-content\/uploads\/2015\/01\/tela_sistema-300x159.png 300w\" sizes=\"auto, (max-width: 700px) 100vw, 700px\" \/><\/a><\/p>\n<p>Dentre os principais recursos destacamos:<br \/>\n&#8211; Cadastro de ap\u00f3lices:<br \/>\nSeguros para ve\u00edculos;<br \/>\nSeguros de vida;<br \/>\nSeguro para condom\u00ednio;<br \/>\nSeguro resid\u00eancia;<br \/>\nPrevid\u00eancia privada;<br \/>\nSeguro empresa;<br \/>\nSeguro aluguel;<br \/>\nSeguro sa\u00fade.<br \/>\n&#8211; Faixas de desconto;<br \/>\n&#8211; Marca\/Modelo do ve\u00edculo;<br \/>\n&#8211; Tabelas de coeficiente;<br \/>\n&#8211; Controle de pr\u00eamios por ap\u00f3lice;<br \/>\n&#8211; Renova\u00e7\u00e3o de ap\u00f3lices;<\/p>\n<p>&#8211; Consultas por cnpj, cpf, corretor, modelo de ve\u00edculo, nome do cliente, n\u00famero da ap\u00f3lice, n\u00famero do chassi, placa do ve\u00edculo, Seguradora&#8230;<\/p>\n<p>&#8211; Relat\u00f3rio por corretor e seguradora;<br \/>\n&#8211; Relat\u00f3rio de ap\u00f3lices por per\u00edodo;<br \/>\n&#8211; Relat\u00f3rio de ap\u00f3lices por per\u00edodo e corretor;<br \/>\n&#8211; Relat\u00f3rio de ap\u00f3lices por per\u00edodo, corretor e vencimento;<br \/>\n&#8211; Clientes por data de anivers\u00e1rio;<br \/>\n&#8211; Pr\u00eamios por corretor por vencimento\/seguradora&#8230;<\/p>\n<p><strong>Fa\u00e7a j\u00e1 sua assinatura <span style=\"color: #0000ff;\"><a style=\"color: #0000ff;\" href=\"http:\/\/www.gestaodecorretoras.com.br\/gestaodecorretoras\/assinatura.jsp\" target=\"_blank\" rel=\"noopener noreferrer\">clicando aqui<\/a><\/span>.<\/strong><\/p>\n<p><strong>Alguma d\u00favida? Entre em <span style=\"color: #0000ff;\"><a style=\"color: #0000ff;\" href=\"http:\/\/www.gestaodecorretoras.com.br\/?page_id=40\">contato conosco<\/a><\/span>.<\/strong><\/p>\n<p><a href=\"http:\/\/www.gestaodecorretoras.com.br\/wp-content\/uploads\/2015\/01\/logo_png1.png\"><img loading=\"lazy\" decoding=\"async\" class=\"alignnone size-medium wp-image-117\" src=\"http:\/\/www.gestaodecorretoras.com.br\/wp-content\/uploads\/2015\/01\/logo_png1-250x300.png\" alt=\"logo_png\" width=\"250\" height=\"300\" srcset=\"https:\/\/www.gestaodecorretoras.com.br\/wp-content\/uploads\/2015\/01\/logo_png1-250x300.png 250w, https:\/\/www.gestaodecorretoras.com.br\/wp-content\/uploads\/2015\/01\/logo_png1-853x1024.png 853w, https:\/\/www.gestaodecorretoras.com.br\/wp-content\/uploads\/2015\/01\/logo_png1.png 1000w\" sizes=\"auto, (max-width: 250px) 100vw, 250px\" \/><\/a><\/p>\n","protected":false},"excerpt":{"rendered":"<p>Tenha total controle sobre suas ap\u00f3lices de seguros&#8230; Software focado para gest\u00e3o de ap\u00f3lices de seguros totalmente via web, com interface simples, funcionamento seguro e eficiente. Como funciona? O processo \u00e9 simples&#8230; Fa\u00e7a seu cadastro e escolha seu plano de assinatura. O sistema ficara liberado por 10 dias para testes e com a confirma\u00e7\u00e3o do [&hellip;]<\/p>\n","protected":false},"author":2,"featured_media":0,"parent":0,"menu_order":0,"comment_status":"closed","ping_status":"closed","template":"","meta":{"footnotes":""},"class_list":["post-15","page","type-page","status-publish","hentry"],"aioseo_notices":[],"_links":{"self":[{"href":"https:\/\/www.gestaodecorretoras.com.br\/index.php?rest_route=\/wp\/v2\/pages\/15","targetHints":{"allow":["GET"]}}],"collection":[{"href":"https:\/\/www.gestaodecorretoras.com.br\/index.php?rest_route=\/wp\/v2\/pages"}],"about":[{"href":"https:\/\/www.gestaodecorretoras.com.br\/index.php?rest_route=\/wp\/v2\/types\/page"}],"author":[{"embeddable":true,"href":"https:\/\/www.gestaodecorretoras.com.br\/index.php?rest_route=\/wp\/v2\/users\/2"}],"replies":[{"embeddable":true,"href":"https:\/\/www.gestaodecorretoras.com.br\/index.php?rest_route=%2Fwp%2Fv2%2Fcomments&post=15"}],"version-history":[{"count":18,"href":"https:\/\/www.gestaodecorretoras.com.br\/index.php?rest_route=\/wp\/v2\/pages\/15\/revisions"}],"predecessor-version":[{"id":258,"href":"https:\/\/www.gestaodecorretoras.com.br\/index.php?rest_route=\/wp\/v2\/pages\/15\/revisions\/258"}],"wp:attachment":[{"href":"https:\/\/www.gestaodecorretoras.com.br\/index.php?rest_route=%2Fwp%2Fv2%2Fmedia&parent=15"}],"curies":[{"name":"wp","href":"https:\/\/api.w.org\/{rel}","templated":true}]}}