{"id":17,"date":"2015-01-08T17:08:35","date_gmt":"2015-01-08T17:08:35","guid":{"rendered":"http:\/\/localhost\/corretor\/?page_id=17"},"modified":"2024-06-19T20:00:22","modified_gmt":"2024-06-19T20:00:22","slug":"seguranca","status":"publish","type":"page","link":"https:\/\/www.gestaodecorretoras.com.br\/?page_id=17","title":{"rendered":"Seguran\u00e7a"},"content":{"rendered":"<div class=\"gglcptch gglcptch_v3\"><input type=\"hidden\" id=\"g-recaptcha-response\" name=\"g-recaptcha-response\" \/><br \/><div class=\"gglcptch_error_text\">O per\u00edodo de verifica\u00e7\u00e3o do reCAPTCHA expirou. Por favor, recarregue a p\u00e1gina.<\/div><\/div>\n<div align=\"justify\">\n<hr>\n<p><span class=\"txt11cinza\">Todas as transa\u00e7\u00f5es do sistema para gest\u00e3o de ap\u00f3lices de seguros s\u00e3o feitas com criptografia forte de 256 bits. Cada bit a mais dobra a dificuldade de viola\u00e7\u00e3o do sistema, tornando todas as opera\u00e7\u00f5es seguras e confi\u00e1veis.<\/span><\/p>\n<\/div>\n<p class=\"txt11cinza\" align=\"justify\">\u2022 Backups di\u00e1rios da base de dados;<\/p>\n<p class=\"txt11cinza\" align=\"justify\">\u2022 Controle e armazenamento de acesso por IP;<\/p>\n<p class=\"txt11cinza\" align=\"justify\">\u2022 Login e senha de acesso criptografada;<\/p>\n<p class=\"txt11cinza\" align=\"justify\">\u2022 Ambiente protegido e seguro HTTPS, com criptografia SSL de 256 bits.<\/p>\n","protected":false},"excerpt":{"rendered":"<p>Todas as transa\u00e7\u00f5es do sistema para gest\u00e3o de ap\u00f3lices de seguros s\u00e3o feitas com criptografia forte de 256 bits. Cada bit a mais dobra a dificuldade de viola\u00e7\u00e3o do sistema, tornando todas as opera\u00e7\u00f5es seguras e confi\u00e1veis. \u2022 Backups di\u00e1rios da base de dados; \u2022 Controle e armazenamento de acesso por IP; \u2022 Login e [&hellip;]<\/p>\n","protected":false},"author":2,"featured_media":0,"parent":0,"menu_order":0,"comment_status":"closed","ping_status":"closed","template":"","meta":{"footnotes":""},"class_list":["post-17","page","type-page","status-publish","hentry"],"aioseo_notices":[],"_links":{"self":[{"href":"https:\/\/www.gestaodecorretoras.com.br\/index.php?rest_route=\/wp\/v2\/pages\/17","targetHints":{"allow":["GET"]}}],"collection":[{"href":"https:\/\/www.gestaodecorretoras.com.br\/index.php?rest_route=\/wp\/v2\/pages"}],"about":[{"href":"https:\/\/www.gestaodecorretoras.com.br\/index.php?rest_route=\/wp\/v2\/types\/page"}],"author":[{"embeddable":true,"href":"https:\/\/www.gestaodecorretoras.com.br\/index.php?rest_route=\/wp\/v2\/users\/2"}],"replies":[{"embeddable":true,"href":"https:\/\/www.gestaodecorretoras.com.br\/index.php?rest_route=%2Fwp%2Fv2%2Fcomments&post=17"}],"version-history":[{"count":16,"href":"https:\/\/www.gestaodecorretoras.com.br\/index.php?rest_route=\/wp\/v2\/pages\/17\/revisions"}],"predecessor-version":[{"id":231,"href":"https:\/\/www.gestaodecorretoras.com.br\/index.php?rest_route=\/wp\/v2\/pages\/17\/revisions\/231"}],"wp:attachment":[{"href":"https:\/\/www.gestaodecorretoras.com.br\/index.php?rest_route=%2Fwp%2Fv2%2Fmedia&parent=17"}],"curies":[{"name":"wp","href":"https:\/\/api.w.org\/{rel}","templated":true}]}}