{"id":37,"date":"2015-01-08T17:19:56","date_gmt":"2015-01-08T17:19:56","guid":{"rendered":"http:\/\/localhost\/corretor\/?page_id=37"},"modified":"2025-12-18T20:20:32","modified_gmt":"2025-12-18T20:20:32","slug":"suporte","status":"publish","type":"page","link":"https:\/\/www.gestaodecorretoras.com.br\/?page_id=37","title":{"rendered":"Suporte"},"content":{"rendered":"<p><a href=\"https:\/\/wa.me\/5541998489524?text=Ol%C3%A1+preciso+de+suporte\" target=\"_blank\" rel=\"noopener\"><strong><u>Whatsapp<\/u><\/strong><\/a><br \/>\nEntre em contato conosco pelo WhatsApp para d\u00favidas sobre o funcionamento de nossos sistemas.<\/p>\n<p><a href=\"https:\/\/www.gestaowebempresas.inf.br\/jsp\/web_app\/suporte_tecnico\/enviar_mensagem_suporte.jsp\" target=\"_blank\" rel=\"noopener\"><strong><u>Abrir chamado<\/u><\/strong><\/a><br \/>\nEntre em contato conosco para abrir um chamado t\u00e9cnico.<\/p>\n<p><strong>Nossos telefones<\/strong><br \/>\n(41)4063-9765 &#8211; (11)4063-9766<\/p>\n<p><a href=\"https:\/\/stats.uptimerobot.com\/WKYnMS65Pn\" target=\"_blank\" rel=\"noopener\"><strong><u>Status do servi\u00e7o<\/u><\/strong><\/a><br \/>\nAtrav\u00e9s do link, voc\u00ea pode verificar o status de nossos servi\u00e7os.<\/p>\n<p class=\"txt11cinza\"><strong><span style=\"color: #0000ff;\">Hor\u00e1rio de atendimento do suporte t\u00e9cnico: das 08:30 \u00e0s 12:00 e das 13:30 \u00e0s 17:30 de segunda a sexta feira.<\/span><\/strong><\/p>\n<p class=\"txt11cinza\">&nbsp;<\/p>\n<hr>\n<p style=\"text-align: center;\"><a href=\"https:\/\/www.gestaodecorretoras.com.br\/wp-content\/uploads\/2025\/12\/DEZEMBRO__4_-removebg-preview.png\"><img loading=\"lazy\" decoding=\"async\" class=\"alignnone size-full wp-image-167 aligncenter\" src=\"https:\/\/www.gestaodecorretoras.com.br\/wp-content\/uploads\/2025\/12\/DEZEMBRO__4_-removebg-preview.png\" alt=\"banner_telefone\" width=\"768\" height=\"120\"><\/a><\/p>\n","protected":false},"excerpt":{"rendered":"<p>Whatsapp Entre em contato conosco pelo WhatsApp para d\u00favidas sobre o funcionamento de nossos sistemas. Abrir chamado Entre em contato conosco para abrir um chamado t\u00e9cnico. Nossos telefones (41)4063-9765 &#8211; (11)4063-9766 Status do servi\u00e7o Atrav\u00e9s do link, voc\u00ea pode verificar o status de nossos servi\u00e7os. Hor\u00e1rio de atendimento do suporte t\u00e9cnico: das 08:30 \u00e0s 12:00 [&hellip;]<\/p>\n","protected":false},"author":2,"featured_media":0,"parent":0,"menu_order":0,"comment_status":"closed","ping_status":"closed","template":"","meta":{"footnotes":""},"class_list":["post-37","page","type-page","status-publish","hentry"],"aioseo_notices":[],"_links":{"self":[{"href":"https:\/\/www.gestaodecorretoras.com.br\/index.php?rest_route=\/wp\/v2\/pages\/37","targetHints":{"allow":["GET"]}}],"collection":[{"href":"https:\/\/www.gestaodecorretoras.com.br\/index.php?rest_route=\/wp\/v2\/pages"}],"about":[{"href":"https:\/\/www.gestaodecorretoras.com.br\/index.php?rest_route=\/wp\/v2\/types\/page"}],"author":[{"embeddable":true,"href":"https:\/\/www.gestaodecorretoras.com.br\/index.php?rest_route=\/wp\/v2\/users\/2"}],"replies":[{"embeddable":true,"href":"https:\/\/www.gestaodecorretoras.com.br\/index.php?rest_route=%2Fwp%2Fv2%2Fcomments&post=37"}],"version-history":[{"count":39,"href":"https:\/\/www.gestaodecorretoras.com.br\/index.php?rest_route=\/wp\/v2\/pages\/37\/revisions"}],"predecessor-version":[{"id":256,"href":"https:\/\/www.gestaodecorretoras.com.br\/index.php?rest_route=\/wp\/v2\/pages\/37\/revisions\/256"}],"wp:attachment":[{"href":"https:\/\/www.gestaodecorretoras.com.br\/index.php?rest_route=%2Fwp%2Fv2%2Fmedia&parent=37"}],"curies":[{"name":"wp","href":"https:\/\/api.w.org\/{rel}","templated":true}]}}