{"id":4,"date":"2015-01-08T16:32:16","date_gmt":"2015-01-08T16:32:16","guid":{"rendered":"http:\/\/localhost\/corretor\/?page_id=4"},"modified":"2024-06-19T20:34:34","modified_gmt":"2024-06-19T20:34:34","slug":"empresa","status":"publish","type":"page","link":"https:\/\/www.gestaodecorretoras.com.br\/?page_id=4","title":{"rendered":"Empresa"},"content":{"rendered":"<div class=\"gglcptch gglcptch_v3\"><input type=\"hidden\" id=\"g-recaptcha-response\" name=\"g-recaptcha-response\" \/><br \/><div class=\"gglcptch_error_text\">O per\u00edodo de verifica\u00e7\u00e3o do reCAPTCHA expirou. Por favor, recarregue a p\u00e1gina.<\/div><\/div>\n<hr>\n<p>Nosso fundador iniciou os estudos em 1990 e ap\u00f3s 4 anos de muito aprendizado e dedica\u00e7\u00e3o, decidiu criar a primeira vers\u00e3o de um software para gest\u00e3o empresarial que fosse muito simples e de f\u00e1cil entendimento para os usu\u00e1rios. Isso foi poss\u00edvel devido a sua experi\u00eancia adquirida na \u00e1rea de TI e na controladoria de um grupo empresarial em Curitiba\/PR onde foi poss\u00edvel aplicar os conhecimentos adquiridos focando sempre em uma boa gest\u00e3o e as melhores pr\u00e1ticas empresariais.<br \/>\nEm 1996 surgiu a primeira empresa que depois veio a se tornar a Gest\u00e3o Web Empresas Tecnologia da Informa\u00e7\u00e3o no qual devido a constante atualiza\u00e7\u00e3o dos profissionais envolvidos no projeto, hoje podemos oferecer a solu\u00e7\u00e3o ideal para sua empresa, utilizando os principais recursos tecnol\u00f3gicos dispon\u00edveis no mercado.<br \/>\nFocada em desenvolvimento de aplica\u00e7\u00f5es multiplataformas, com baixo custo de investimento, nossos sistemas s\u00e3o criados sobre a linguagem Java conhecida mundialmente pela robustez e facilidade de comunica\u00e7\u00e3o.<br \/>\nUtilizando o Java como linguagem principal, temos solu\u00e7\u00f5es no que h\u00e1 de mais avan\u00e7ado em tecnologia da informa\u00e7\u00e3o e com a melhor rela\u00e7\u00e3o custo x benef\u00edcio do mercado, garantindo um r\u00e1pido retorno de investimento.<br \/>\nAo longo desses 30 anos foram muitas lutas e conquistas. Nesse per\u00edodo sempre trabalhamos focados em oferecer o melhor para nossos clientes.<\/p>\n","protected":false},"excerpt":{"rendered":"<p>Nosso fundador iniciou os estudos em 1990 e ap\u00f3s 4 anos de muito aprendizado e dedica\u00e7\u00e3o, decidiu criar a primeira vers\u00e3o de um software para gest\u00e3o empresarial que fosse muito simples e de f\u00e1cil entendimento para os usu\u00e1rios. Isso foi poss\u00edvel devido a sua experi\u00eancia adquirida na \u00e1rea de TI e na controladoria de um [&hellip;]<\/p>\n","protected":false},"author":2,"featured_media":0,"parent":0,"menu_order":0,"comment_status":"open","ping_status":"open","template":"","meta":{"footnotes":""},"class_list":["post-4","page","type-page","status-publish","hentry"],"aioseo_notices":[],"_links":{"self":[{"href":"https:\/\/www.gestaodecorretoras.com.br\/index.php?rest_route=\/wp\/v2\/pages\/4","targetHints":{"allow":["GET"]}}],"collection":[{"href":"https:\/\/www.gestaodecorretoras.com.br\/index.php?rest_route=\/wp\/v2\/pages"}],"about":[{"href":"https:\/\/www.gestaodecorretoras.com.br\/index.php?rest_route=\/wp\/v2\/types\/page"}],"author":[{"embeddable":true,"href":"https:\/\/www.gestaodecorretoras.com.br\/index.php?rest_route=\/wp\/v2\/users\/2"}],"replies":[{"embeddable":true,"href":"https:\/\/www.gestaodecorretoras.com.br\/index.php?rest_route=%2Fwp%2Fv2%2Fcomments&post=4"}],"version-history":[{"count":10,"href":"https:\/\/www.gestaodecorretoras.com.br\/index.php?rest_route=\/wp\/v2\/pages\/4\/revisions"}],"predecessor-version":[{"id":248,"href":"https:\/\/www.gestaodecorretoras.com.br\/index.php?rest_route=\/wp\/v2\/pages\/4\/revisions\/248"}],"wp:attachment":[{"href":"https:\/\/www.gestaodecorretoras.com.br\/index.php?rest_route=%2Fwp%2Fv2%2Fmedia&parent=4"}],"curies":[{"name":"wp","href":"https:\/\/api.w.org\/{rel}","templated":true}]}}