{"id":9,"date":"2015-01-08T16:41:50","date_gmt":"2015-01-08T16:41:50","guid":{"rendered":"http:\/\/localhost\/corretor\/?page_id=9"},"modified":"2019-07-16T14:03:50","modified_gmt":"2019-07-16T14:03:50","slug":"home","status":"publish","type":"page","link":"https:\/\/www.gestaodecorretoras.com.br\/","title":{"rendered":"Home"},"content":{"rendered":"<div class=\"gglcptch gglcptch_v3\"><input type=\"hidden\" id=\"g-recaptcha-response\" name=\"g-recaptcha-response\" \/><br \/><div class=\"gglcptch_error_text\">O per\u00edodo de verifica\u00e7\u00e3o do reCAPTCHA expirou. Por favor, recarregue a p\u00e1gina.<\/div><\/div>\n","protected":false},"excerpt":{"rendered":"","protected":false},"author":2,"featured_media":0,"parent":0,"menu_order":0,"comment_status":"closed","ping_status":"closed","template":"","meta":{"footnotes":""},"class_list":["post-9","page","type-page","status-publish","hentry"],"aioseo_notices":[],"_links":{"self":[{"href":"https:\/\/www.gestaodecorretoras.com.br\/index.php?rest_route=\/wp\/v2\/pages\/9","targetHints":{"allow":["GET"]}}],"collection":[{"href":"https:\/\/www.gestaodecorretoras.com.br\/index.php?rest_route=\/wp\/v2\/pages"}],"about":[{"href":"https:\/\/www.gestaodecorretoras.com.br\/index.php?rest_route=\/wp\/v2\/types\/page"}],"author":[{"embeddable":true,"href":"https:\/\/www.gestaodecorretoras.com.br\/index.php?rest_route=\/wp\/v2\/users\/2"}],"replies":[{"embeddable":true,"href":"https:\/\/www.gestaodecorretoras.com.br\/index.php?rest_route=%2Fwp%2Fv2%2Fcomments&post=9"}],"version-history":[{"count":11,"href":"https:\/\/www.gestaodecorretoras.com.br\/index.php?rest_route=\/wp\/v2\/pages\/9\/revisions"}],"predecessor-version":[{"id":219,"href":"https:\/\/www.gestaodecorretoras.com.br\/index.php?rest_route=\/wp\/v2\/pages\/9\/revisions\/219"}],"wp:attachment":[{"href":"https:\/\/www.gestaodecorretoras.com.br\/index.php?rest_route=%2Fwp%2Fv2%2Fmedia&parent=9"}],"curies":[{"name":"wp","href":"https:\/\/api.w.org\/{rel}","templated":true}]}}